{"id":2041,"date":"2022-01-06T08:53:07","date_gmt":"2022-01-06T07:53:07","guid":{"rendered":"https:\/\/www.escal-ouest.com\/offre-pour-les-groupes-sur-mesure\/"},"modified":"2023-09-26T17:57:05","modified_gmt":"2023-09-26T15:57:05","slug":"group-custom-offers","status":"publish","type":"page","link":"https:\/\/www.escal-ouest.com\/en\/group-custom-offers\/","title":{"rendered":"Group \/ custom offers"},"content":{"rendered":"<section class=\"l-section wpb_row height_large\"><div class=\"l-section-h i-cf\"><div class=\"g-cols vc_row via_grid cols_1 laptops-cols_inherit tablets-cols_inherit mobiles-cols_1 valign_top type_default stacking_default\"><div class=\"wpb_column vc_column_container\"><div class=\"vc_column-inner\"><div class=\"w-separator size_medium\"><\/div><h2 class=\"w-post-elm post_title entry-title color_link_inherit\">Group \/ custom offers<\/h2><div class=\"w-separator size_medium\"><\/div><div class=\"g-cols wpb_row via_grid cols_2-1 laptops-cols_inherit tablets-cols_inherit mobiles-cols_1 valign_top type_default reversed stacking_default\" style=\"--columns-gap:3rem;\"><div class=\"wpb_column vc_column_container\"><div class=\"vc_column-inner\"><div class=\"w-grid us_grid type_grid layout_1326 cols_2 preload_style_spinner\" id=\"us_grid_1\" style=\"--columns:2;--gap:1.5rem;\" data-filterable=\"true\"><style>@media (max-width:600px){#us_grid_1{--columns:1!important}}.layout_1326 .w-grid-item-h{}.layout_1326 .usg_post_image_1{box-shadow:0 3px 0 0 var(--color-content-border)!important}.layout_1326 .usg_post_title_1{font-size:1.6rem!important;text-transform:none!important;margin-top:20px!important}.layout_1326 .usg_post_custom_field_1{color:#312c4f!important;font-size:0.8rem!important}.layout_1326 .usg_post_custom_field_2{color:#312c4f!important;font-size:0.8rem!important}.layout_1326 .usg_post_custom_field_4{text-align:left!important;font-size:1rem!important;line-height:1.5!important;font-family:var(--font-family)!important;margin-top:1rem!important;margin-bottom:1rem!important;padding-left:12px!important;padding-right:12px!important;border-radius:4px!important;background:var(--color-content-border)!important}<\/style><div class=\"w-grid-list\">\t<article class=\"w-grid-item size_1x1 post-2084 us_portfolio type-us_portfolio status-publish has-post-thumbnail hentry us_portfolio_category-offres-speciales-groupes-en\" data-id=\"2084\">\r\n\t\t<div class=\"w-grid-item-h\">\r\n\t\t\t\t\t\t<div class=\"w-post-elm post_image usg_post_image_1 has_ratio\"><a href=\"https:\/\/www.escal-ouest.com\/en\/Offres\/group-crossings-island-of-groix\/\" aria-label=\"Group crossings to the Isle of Groix\"><img loading=\"lazy\" decoding=\"async\" width=\"1024\" height=\"576\" src=\"https:\/\/www.escal-ouest.com\/wp-content\/uploads\/2022\/05\/20151025_112139-1024x576.jpg\" class=\"attachment-large size-large wp-post-image\" alt=\"\" \/><\/a><div style=\"padding-bottom:56.25%\"><\/div><\/div><h4 class=\"w-post-elm post_title usg_post_title_1 align_left entry-title color_link_inherit\"><a href=\"https:\/\/www.escal-ouest.com\/en\/Offres\/group-crossings-island-of-groix\/\">Group crossings to the Isle of Groix<\/a><\/h4><div class=\"w-hwrapper usg_hwrapper_1 align_left valign_top\" style=\"--hwrapper-gap:0rem\"><\/div><div class=\"w-post-elm post_custom_field usg_post_custom_field_2 has_text_color type_text infos_supp color_link_inherit\"><i class=\"far fa-calendar\"><\/i><span class=\"w-post-elm-value\">From 25 people <\/span><\/div><div class=\"w-post-elm post_custom_field usg_post_custom_field_1 has_text_color type_text duree color_link_inherit\"><i class=\"far fa-clock\"><\/i><span class=\"w-post-elm-value\">40 minutes<\/span><\/div>\t\t<\/div>\r\n\t\t\t<\/article>\r\n\t<article class=\"w-grid-item size_1x1 post-2075 us_portfolio type-us_portfolio status-publish has-post-thumbnail hentry us_portfolio_category-offres-speciales-groupes-en\" data-id=\"2075\">\r\n\t\t<div class=\"w-grid-item-h\">\r\n\t\t\t\t\t\t<div class=\"w-post-elm post_image usg_post_image_1 has_ratio\"><a href=\"https:\/\/www.escal-ouest.com\/en\/Offres\/group-sea-fishing-initiation-trip\/\" aria-label=\"Group sea fishing initiation trip\"><img loading=\"lazy\" decoding=\"async\" width=\"1024\" height=\"827\" src=\"https:\/\/www.escal-ouest.com\/wp-content\/uploads\/2022\/05\/escal-ouest-peche-en-mer-groupe-1024x827.png\" class=\"attachment-large size-large wp-post-image\" alt=\"\" \/><\/a><div style=\"padding-bottom:56.25%\"><\/div><\/div><h4 class=\"w-post-elm post_title usg_post_title_1 align_left entry-title color_link_inherit\"><a href=\"https:\/\/www.escal-ouest.com\/en\/Offres\/group-sea-fishing-initiation-trip\/\">Group sea fishing initiation trip<\/a><\/h4><div class=\"w-hwrapper usg_hwrapper_1 align_left valign_top\" style=\"--hwrapper-gap:0rem\"><\/div><div class=\"w-post-elm post_custom_field usg_post_custom_field_2 has_text_color type_text infos_supp color_link_inherit\"><i class=\"far fa-calendar\"><\/i><span class=\"w-post-elm-value\">Custom offer<\/span><\/div><div class=\"w-post-elm post_custom_field usg_post_custom_field_1 has_text_color type_text duree color_link_inherit\"><i class=\"far fa-clock\"><\/i><span class=\"w-post-elm-value\">about 3 hours<\/span><\/div>\t\t<\/div>\r\n\t\t\t<\/article>\r\n\t<article class=\"w-grid-item size_1x1 post-2068 us_portfolio type-us_portfolio status-publish has-post-thumbnail hentry us_portfolio_category-offres-speciales-groupes-en\" data-id=\"2068\">\r\n\t\t<div class=\"w-grid-item-h\">\r\n\t\t\t\t\t\t<div class=\"w-post-elm post_image usg_post_image_1 has_ratio\"><a href=\"https:\/\/www.escal-ouest.com\/en\/Offres\/group-aperitif-buffet-cruises\/\" aria-label=\"Group Ap\u00e9ritif \/ Buffet cruises\"><img loading=\"lazy\" decoding=\"async\" width=\"1024\" height=\"672\" src=\"https:\/\/www.escal-ouest.com\/wp-content\/uploads\/2024\/01\/DSC_3580-1024x672.jpg\" class=\"attachment-large size-large wp-post-image\" alt=\"\" \/><\/a><div style=\"padding-bottom:56.25%\"><\/div><\/div><h4 class=\"w-post-elm post_title usg_post_title_1 align_left entry-title color_link_inherit\"><a href=\"https:\/\/www.escal-ouest.com\/en\/Offres\/group-aperitif-buffet-cruises\/\">Group Ap\u00e9ritif \/ Buffet cruises<\/a><\/h4><div class=\"w-hwrapper usg_hwrapper_1 align_left valign_top\" style=\"--hwrapper-gap:0rem\"><\/div><div class=\"w-post-elm post_custom_field usg_post_custom_field_2 has_text_color type_text infos_supp color_link_inherit\"><i class=\"far fa-calendar\"><\/i><span class=\"w-post-elm-value\">Custom offer<\/span><\/div><div class=\"w-post-elm post_custom_field usg_post_custom_field_1 has_text_color type_text duree color_link_inherit\"><i class=\"far fa-clock\"><\/i><span class=\"w-post-elm-value\">Custom offer<\/span><\/div>\t\t<\/div>\r\n\t\t\t<\/article>\r\n\t<article class=\"w-grid-item size_1x1 post-2077 us_portfolio type-us_portfolio status-publish has-post-thumbnail hentry us_portfolio_category-offres-speciales-groupes-en\" data-id=\"2077\">\r\n\t\t<div class=\"w-grid-item-h\">\r\n\t\t\t\t\t\t<div class=\"w-post-elm post_image usg_post_image_1 has_ratio\"><a href=\"https:\/\/www.escal-ouest.com\/en\/Offres\/group-cruise-blavet\/\" aria-label=\"Group cruise on the Blavet\"><img loading=\"lazy\" decoding=\"async\" width=\"1024\" height=\"682\" src=\"https:\/\/www.escal-ouest.com\/wp-content\/uploads\/2022\/05\/escal-ouest-croisiere-blavet-commentee-musicale-1024x682.jpg\" class=\"attachment-large size-large wp-post-image\" alt=\"\" \/><\/a><div style=\"padding-bottom:56.25%\"><\/div><\/div><h4 class=\"w-post-elm post_title usg_post_title_1 align_left entry-title color_link_inherit\"><a href=\"https:\/\/www.escal-ouest.com\/en\/Offres\/group-cruise-blavet\/\">Group cruise on the Blavet<\/a><\/h4><div class=\"w-hwrapper usg_hwrapper_1 align_left valign_top\" style=\"--hwrapper-gap:0rem\"><\/div><div class=\"w-post-elm post_custom_field usg_post_custom_field_2 has_text_color type_text infos_supp color_link_inherit\"><i class=\"far fa-calendar\"><\/i><span class=\"w-post-elm-value\">From 25 people <\/span><\/div><div class=\"w-post-elm post_custom_field usg_post_custom_field_1 has_text_color type_text duree color_link_inherit\"><i class=\"far fa-clock\"><\/i><span class=\"w-post-elm-value\">2h<\/span><\/div>\t\t<\/div>\r\n\t\t\t<\/article>\r\n\t<article class=\"w-grid-item size_1x1 post-2073 us_portfolio type-us_portfolio status-publish has-post-thumbnail hentry us_portfolio_category-offres-speciales-groupes-en\" data-id=\"2073\">\r\n\t\t<div class=\"w-grid-item-h\">\r\n\t\t\t\t\t\t<div class=\"w-post-elm post_image usg_post_image_1 has_ratio\"><a href=\"https:\/\/www.escal-ouest.com\/en\/Offres\/taxi-boat-groix\/\" aria-label=\"Taxi boat to the Isle of Groix\"><img loading=\"lazy\" decoding=\"async\" width=\"1024\" height=\"768\" src=\"https:\/\/www.escal-ouest.com\/wp-content\/uploads\/2022\/05\/Sterne-3-2-1-1024x768.jpeg\" class=\"attachment-large size-large wp-post-image\" alt=\"\" \/><\/a><div style=\"padding-bottom:56.25%\"><\/div><\/div><h4 class=\"w-post-elm post_title usg_post_title_1 align_left entry-title color_link_inherit\"><a href=\"https:\/\/www.escal-ouest.com\/en\/Offres\/taxi-boat-groix\/\">Taxi boat to the Isle of Groix<\/a><\/h4><div class=\"w-hwrapper usg_hwrapper_1 align_left valign_top\" style=\"--hwrapper-gap:0rem\"><\/div><div class=\"w-post-elm post_custom_field usg_post_custom_field_2 has_text_color type_text infos_supp color_link_inherit\"><i class=\"far fa-calendar\"><\/i><span class=\"w-post-elm-value\">Custom offer<\/span><\/div><div class=\"w-post-elm post_custom_field usg_post_custom_field_1 has_text_color type_text duree color_link_inherit\"><i class=\"far fa-clock\"><\/i><span class=\"w-post-elm-value\">40 minutes<\/span><\/div>\t\t<\/div>\r\n\t\t\t<\/article>\r\n\t<article class=\"w-grid-item size_1x1 post-2746 us_portfolio type-us_portfolio status-publish has-post-thumbnail hentry us_portfolio_category-offres-speciales-groupes-en\" data-id=\"2746\">\r\n\t\t<div class=\"w-grid-item-h\">\r\n\t\t\t\t\t\t<div class=\"w-post-elm post_image usg_post_image_1 has_ratio\"><a href=\"https:\/\/www.escal-ouest.com\/en\/Offres\/group-guided-coastal-walk-from-lorient-to-kerroch\/\" aria-label=\"Group guided coastal walk from Lorient to Kerroch\"><img loading=\"lazy\" decoding=\"async\" width=\"1024\" height=\"762\" src=\"https:\/\/www.escal-ouest.com\/wp-content\/uploads\/2025\/01\/Capture-decran-2025-01-20-a-16.32.11-1024x762.png\" class=\"attachment-large size-large wp-post-image\" alt=\"\" \/><\/a><div style=\"padding-bottom:56.25%\"><\/div><\/div><h4 class=\"w-post-elm post_title usg_post_title_1 align_left entry-title color_link_inherit\"><a href=\"https:\/\/www.escal-ouest.com\/en\/Offres\/group-guided-coastal-walk-from-lorient-to-kerroch\/\">Group guided coastal walk from Lorient to Kerroch<\/a><\/h4><div class=\"w-hwrapper usg_hwrapper_1 align_left valign_top\" style=\"--hwrapper-gap:0rem\"><\/div><div class=\"w-post-elm post_custom_field usg_post_custom_field_2 has_text_color type_text infos_supp color_link_inherit\"><i class=\"far fa-calendar\"><\/i><span class=\"w-post-elm-value\">From 25 people<\/span><\/div><div class=\"w-post-elm post_custom_field usg_post_custom_field_1 has_text_color type_text duree color_link_inherit\"><i class=\"far fa-clock\"><\/i><span class=\"w-post-elm-value\">2h<\/span><\/div>\t\t<\/div>\r\n\t\t\t<\/article>\r\n\t<article class=\"w-grid-item size_1x1 post-2064 us_portfolio type-us_portfolio status-publish has-post-thumbnail hentry us_portfolio_category-offres-speciales-groupes-en\" data-id=\"2064\">\r\n\t\t<div class=\"w-grid-item-h\">\r\n\t\t\t\t\t\t<div class=\"w-post-elm post_image usg_post_image_1 has_ratio\"><a href=\"https:\/\/www.escal-ouest.com\/en\/Offres\/funeral-service-scattering-sea\/\" aria-label=\"Funeral service \u2013 scattering of ashes in the sea\"><img loading=\"lazy\" decoding=\"async\" width=\"1024\" height=\"576\" src=\"https:\/\/www.escal-ouest.com\/wp-content\/uploads\/2022\/05\/port-tudy-retour-de-groix-1024x576.jpg\" class=\"attachment-large size-large wp-post-image\" alt=\"\" \/><\/a><div style=\"padding-bottom:56.25%\"><\/div><\/div><h4 class=\"w-post-elm post_title usg_post_title_1 align_left entry-title color_link_inherit\"><a href=\"https:\/\/www.escal-ouest.com\/en\/Offres\/funeral-service-scattering-sea\/\">Funeral service \u2013 scattering of ashes in the sea<\/a><\/h4><div class=\"w-hwrapper usg_hwrapper_1 align_left valign_top\" style=\"--hwrapper-gap:0rem\"><\/div><div class=\"w-post-elm post_custom_field usg_post_custom_field_2 has_text_color type_text infos_supp color_link_inherit\"><i class=\"far fa-calendar\"><\/i><span class=\"w-post-elm-value\">Boats from 6 to 55 seats<\/span><\/div><div class=\"w-post-elm post_custom_field usg_post_custom_field_1 has_text_color type_text duree color_link_inherit\"><i class=\"far fa-clock\"><\/i><span class=\"w-post-elm-value\">All year round<\/span><\/div>\t\t<\/div>\r\n\t\t\t<\/article>\r\n\t<article class=\"w-grid-item size_1x1 post-2082 us_portfolio type-us_portfolio status-publish has-post-thumbnail hentry us_portfolio_category-offres-speciales-groupes-en\" data-id=\"2082\">\r\n\t\t<div class=\"w-grid-item-h\">\r\n\t\t\t\t\t\t<div class=\"w-post-elm post_image usg_post_image_1 has_ratio\"><a href=\"https:\/\/www.escal-ouest.com\/en\/Offres\/group-bay-of-lorient-cruise\/\" aria-label=\"Group Bay of Lorient Cruise\"><img loading=\"lazy\" decoding=\"async\" width=\"866\" height=\"577\" src=\"https:\/\/www.escal-ouest.com\/wp-content\/uploads\/2022\/05\/ESCALOUEST-LORIENT-KERNEVEL.jpg\" class=\"attachment-large size-large wp-post-image\" alt=\"\" \/><\/a><div style=\"padding-bottom:56.25%\"><\/div><\/div><h4 class=\"w-post-elm post_title usg_post_title_1 align_left entry-title color_link_inherit\"><a href=\"https:\/\/www.escal-ouest.com\/en\/Offres\/group-bay-of-lorient-cruise\/\">Group Bay of Lorient Cruise<\/a><\/h4><div class=\"w-hwrapper usg_hwrapper_1 align_left valign_top\" style=\"--hwrapper-gap:0rem\"><\/div><div class=\"w-post-elm post_custom_field usg_post_custom_field_2 has_text_color type_text infos_supp color_link_inherit\"><i class=\"far fa-calendar\"><\/i><span class=\"w-post-elm-value\">From 25 people <\/span><\/div><div class=\"w-post-elm post_custom_field usg_post_custom_field_1 has_text_color type_text duree color_link_inherit\"><i class=\"far fa-clock\"><\/i><span class=\"w-post-elm-value\">1h15<\/span><\/div>\t\t<\/div>\r\n\t\t\t<\/article>\r\n\t<article class=\"w-grid-item size_1x1 post-2066 us_portfolio type-us_portfolio status-publish has-post-thumbnail hentry us_portfolio_category-offres-speciales-groupes-en\" data-id=\"2066\">\r\n\t\t<div class=\"w-grid-item-h\">\r\n\t\t\t\t\t\t<div class=\"w-post-elm post_image usg_post_image_1 has_ratio\"><a href=\"https:\/\/www.escal-ouest.com\/en\/Offres\/group-custom-offers\/\" aria-label=\"Group \/ custom offers\"><img loading=\"lazy\" decoding=\"async\" width=\"900\" height=\"600\" src=\"https:\/\/www.escal-ouest.com\/wp-content\/uploads\/2022\/05\/Rade-Lorient-compagnie-maritime-Escal-Ouest-6.jpg\" class=\"attachment-large size-large wp-post-image\" alt=\"\" \/><\/a><div style=\"padding-bottom:56.25%\"><\/div><\/div><h4 class=\"w-post-elm post_title usg_post_title_1 align_left entry-title color_link_inherit\"><a href=\"https:\/\/www.escal-ouest.com\/en\/Offres\/group-custom-offers\/\">Group \/ custom offers<\/a><\/h4><div class=\"w-hwrapper usg_hwrapper_1 align_left valign_top\" style=\"--hwrapper-gap:0rem\"><\/div><div class=\"w-post-elm post_custom_field usg_post_custom_field_2 has_text_color type_text infos_supp color_link_inherit\"><i class=\"far fa-calendar\"><\/i><span class=\"w-post-elm-value\">Custom offer<\/span><\/div><div class=\"w-post-elm post_custom_field usg_post_custom_field_1 has_text_color type_text duree color_link_inherit\"><i class=\"far fa-clock\"><\/i><span class=\"w-post-elm-value\">Custom offer<\/span><\/div>\t\t<\/div>\r\n\t\t\t<\/article>\r\n<\/div>\t<div class=\"w-grid-preloader\">\r\n\t\t<div class=\"g-preloader type_1\">\r\n\t\t\t<div><\/div>\r\n\t\t<\/div>\r\n\t<\/div>\r\n\t\t<div class=\"w-grid-json hidden\" onclick='return {&quot;action&quot;:&quot;us_ajax_grid&quot;,&quot;infinite_scroll&quot;:0,&quot;max_num_pages&quot;:1,&quot;pagination&quot;:&quot;none&quot;,&quot;template_vars&quot;:{&quot;columns&quot;:&quot;2&quot;,&quot;exclude_items&quot;:&quot;none&quot;,&quot;img_size&quot;:&quot;default&quot;,&quot;ignore_items_size&quot;:0,&quot;items_layout&quot;:&quot;1326&quot;,&quot;items_offset&quot;:&quot;1&quot;,&quot;load_animation&quot;:&quot;none&quot;,&quot;overriding_link&quot;:&quot;{\\&quot;url\\&quot;:\\&quot;\\&quot;}&quot;,&quot;post_id&quot;:0,&quot;query_args&quot;:{&quot;post_type&quot;:[&quot;us_portfolio&quot;],&quot;tax_query&quot;:[{&quot;taxonomy&quot;:&quot;us_portfolio_category&quot;,&quot;field&quot;:&quot;slug&quot;,&quot;terms&quot;:[&quot;offres-speciales-groupes&quot;]}],&quot;post_status&quot;:[&quot;publish&quot;,&quot;acf-disabled&quot;],&quot;posts_per_page&quot;:999},&quot;orderby_query_args&quot;:{&quot;orderby&quot;:&quot;RAND(660814596)&quot;},&quot;type&quot;:&quot;grid&quot;,&quot;us_grid_post_type&quot;:&quot;us_portfolio&quot;,&quot;us_grid_ajax_index&quot;:1,&quot;us_grid_filter_query_string&quot;:null,&quot;us_grid_index&quot;:1,&quot;page_args&quot;:[],&quot;lang&quot;:&quot;en&quot;}}'><\/div>\r\n\t<\/div><\/div><\/div><div class=\"wpb_column vc_column_container us_custom_2c4f4a12 type_sticky\"><div class=\"vc_column-overlay\" style=\"background:#ffffff\"><\/div><div class=\"vc_column-inner\" style=\"top:200px\"><div class=\"wpb_text_column\"><div class=\"wpb_wrapper\"><h3>Our offers<br \/>\nare tailored to your requirements<\/h3>\n<p>Please send us your request so that we can examine your requirements.<\/p>\n<\/div><\/div><div class=\"w-separator size_small\"><\/div><div class=\"w-btn-wrapper align_none\"><a class=\"w-btn us-btn-style_2\" title=\"Help and FAQ\" href=\"https:\/\/www.escal-ouest.com\/en\/help-and-faq\/#contact\"><span class=\"w-btn-label\">Request a quote<\/span><\/a><\/div><\/div><\/div><\/div><\/div><\/div><\/div><\/div><\/section>\n","protected":false},"excerpt":{"rendered":"Race starts Do you want to charter our boats for your maritime needs? Escal&#8217;Ouest offers you a custom service. Custom dates, times, course, navigation&#8230;. Vend\u00e9e Globe, the Atlantique du T\u00e9l\u00e9gramme, Volvo Ocean Race&#8230; We were present at each of these major nautical events. The &#8220;Court en Rade&#8221; (Short on the Bay) Navigate differently. Cinematographic trips...","protected":false},"author":1,"featured_media":0,"parent":0,"menu_order":0,"comment_status":"closed","ping_status":"closed","template":"","meta":{"_acf_changed":false,"footnotes":""},"class_list":["post-2041","page","type-page","status-publish","hentry"],"acf":[],"yoast_head":"<!-- This site is optimized with the Yoast SEO plugin v27.4 - https:\/\/yoast.com\/product\/yoast-seo-wordpress\/ -->\n<title>Group \/ custom offers - Escal&#039;Ouest<\/title>\n<meta name=\"description\" content=\"Escal Ouest Compagny in Morbihan in Lorient offers Groix crossing or cruise services for groups\" \/>\n<meta name=\"robots\" content=\"index, follow, max-snippet:-1, max-image-preview:large, max-video-preview:-1\" \/>\n<link rel=\"canonical\" href=\"https:\/\/www.escal-ouest.com\/en\/group-custom-offers\/\" \/>\n<meta property=\"og:locale\" content=\"en_US\" \/>\n<meta property=\"og:type\" content=\"article\" \/>\n<meta property=\"og:title\" content=\"Group \/ custom offers - Escal&#039;Ouest\" \/>\n<meta property=\"og:description\" content=\"Escal Ouest Compagny in Morbihan in Lorient offers Groix crossing or cruise services for groups\" \/>\n<meta property=\"og:url\" content=\"https:\/\/www.escal-ouest.com\/en\/group-custom-offers\/\" \/>\n<meta property=\"og:site_name\" content=\"Escal&#039;Ouest\" \/>\n<meta property=\"article:publisher\" content=\"https:\/\/www.facebook.com\/escalouest\" \/>\n<meta property=\"article:modified_time\" content=\"2023-09-26T15:57:05+00:00\" \/>\n<meta name=\"twitter:card\" content=\"summary_large_image\" \/>\n<meta name=\"twitter:label1\" content=\"Est. reading time\" \/>\n\t<meta name=\"twitter:data1\" content=\"1 minute\" \/>\n<script type=\"application\/ld+json\" class=\"yoast-schema-graph\">{\"@context\":\"https:\\\/\\\/schema.org\",\"@graph\":[{\"@type\":\"WebPage\",\"@id\":\"https:\\\/\\\/www.escal-ouest.com\\\/en\\\/group-custom-offers\\\/\",\"url\":\"https:\\\/\\\/www.escal-ouest.com\\\/en\\\/group-custom-offers\\\/\",\"name\":\"Group \\\/ custom offers - Escal&#039;Ouest\",\"isPartOf\":{\"@id\":\"https:\\\/\\\/www.escal-ouest.com\\\/en\\\/#website\"},\"datePublished\":\"2022-01-06T07:53:07+00:00\",\"dateModified\":\"2023-09-26T15:57:05+00:00\",\"description\":\"Escal Ouest Compagny in Morbihan in Lorient offers Groix crossing or cruise services for groups\",\"breadcrumb\":{\"@id\":\"https:\\\/\\\/www.escal-ouest.com\\\/en\\\/group-custom-offers\\\/#breadcrumb\"},\"inLanguage\":\"en-US\",\"potentialAction\":[{\"@type\":\"ReadAction\",\"target\":[\"https:\\\/\\\/www.escal-ouest.com\\\/en\\\/group-custom-offers\\\/\"]}]},{\"@type\":\"BreadcrumbList\",\"@id\":\"https:\\\/\\\/www.escal-ouest.com\\\/en\\\/group-custom-offers\\\/#breadcrumb\",\"itemListElement\":[{\"@type\":\"ListItem\",\"position\":1,\"name\":\"Accueil\",\"item\":\"https:\\\/\\\/www.escal-ouest.com\\\/en\\\/\"},{\"@type\":\"ListItem\",\"position\":2,\"name\":\"Group \\\/ custom offers\"}]},{\"@type\":\"WebSite\",\"@id\":\"https:\\\/\\\/www.escal-ouest.com\\\/en\\\/#website\",\"url\":\"https:\\\/\\\/www.escal-ouest.com\\\/en\\\/\",\"name\":\"Escal&#039;Ouest\",\"description\":\"Compagnie maritime Lorient Groix Belle-\u00cele Morbihan\",\"publisher\":{\"@id\":\"https:\\\/\\\/www.escal-ouest.com\\\/en\\\/#organization\"},\"potentialAction\":[{\"@type\":\"SearchAction\",\"target\":{\"@type\":\"EntryPoint\",\"urlTemplate\":\"https:\\\/\\\/www.escal-ouest.com\\\/en\\\/?s={search_term_string}\"},\"query-input\":{\"@type\":\"PropertyValueSpecification\",\"valueRequired\":true,\"valueName\":\"search_term_string\"}}],\"inLanguage\":\"en-US\"},{\"@type\":\"Organization\",\"@id\":\"https:\\\/\\\/www.escal-ouest.com\\\/en\\\/#organization\",\"name\":\"Escal Ouest Compagnie Maritime\",\"url\":\"https:\\\/\\\/www.escal-ouest.com\\\/en\\\/\",\"logo\":{\"@type\":\"ImageObject\",\"inLanguage\":\"en-US\",\"@id\":\"https:\\\/\\\/www.escal-ouest.com\\\/en\\\/#\\\/schema\\\/logo\\\/image\\\/\",\"url\":\"https:\\\/\\\/www.escal-ouest.com\\\/wp-content\\\/uploads\\\/2021\\\/12\\\/escal-ouest-logo.png\",\"contentUrl\":\"https:\\\/\\\/www.escal-ouest.com\\\/wp-content\\\/uploads\\\/2021\\\/12\\\/escal-ouest-logo.png\",\"width\":475,\"height\":152,\"caption\":\"Escal Ouest Compagnie Maritime\"},\"image\":{\"@id\":\"https:\\\/\\\/www.escal-ouest.com\\\/en\\\/#\\\/schema\\\/logo\\\/image\\\/\"},\"sameAs\":[\"https:\\\/\\\/www.facebook.com\\\/escalouest\",\"https:\\\/\\\/www.instagram.com\\\/escalouest\\\/?hl=fr\"]}]}<\/script>\n<!-- \/ Yoast SEO plugin. -->","yoast_head_json":{"title":"Group \/ custom offers - Escal&#039;Ouest","description":"Escal Ouest Compagny in Morbihan in Lorient offers Groix crossing or cruise services for groups","robots":{"index":"index","follow":"follow","max-snippet":"max-snippet:-1","max-image-preview":"max-image-preview:large","max-video-preview":"max-video-preview:-1"},"canonical":"https:\/\/www.escal-ouest.com\/en\/group-custom-offers\/","og_locale":"en_US","og_type":"article","og_title":"Group \/ custom offers - Escal&#039;Ouest","og_description":"Escal Ouest Compagny in Morbihan in Lorient offers Groix crossing or cruise services for groups","og_url":"https:\/\/www.escal-ouest.com\/en\/group-custom-offers\/","og_site_name":"Escal&#039;Ouest","article_publisher":"https:\/\/www.facebook.com\/escalouest","article_modified_time":"2023-09-26T15:57:05+00:00","twitter_card":"summary_large_image","twitter_misc":{"Est. reading time":"1 minute"},"schema":{"@context":"https:\/\/schema.org","@graph":[{"@type":"WebPage","@id":"https:\/\/www.escal-ouest.com\/en\/group-custom-offers\/","url":"https:\/\/www.escal-ouest.com\/en\/group-custom-offers\/","name":"Group \/ custom offers - Escal&#039;Ouest","isPartOf":{"@id":"https:\/\/www.escal-ouest.com\/en\/#website"},"datePublished":"2022-01-06T07:53:07+00:00","dateModified":"2023-09-26T15:57:05+00:00","description":"Escal Ouest Compagny in Morbihan in Lorient offers Groix crossing or cruise services for groups","breadcrumb":{"@id":"https:\/\/www.escal-ouest.com\/en\/group-custom-offers\/#breadcrumb"},"inLanguage":"en-US","potentialAction":[{"@type":"ReadAction","target":["https:\/\/www.escal-ouest.com\/en\/group-custom-offers\/"]}]},{"@type":"BreadcrumbList","@id":"https:\/\/www.escal-ouest.com\/en\/group-custom-offers\/#breadcrumb","itemListElement":[{"@type":"ListItem","position":1,"name":"Accueil","item":"https:\/\/www.escal-ouest.com\/en\/"},{"@type":"ListItem","position":2,"name":"Group \/ custom offers"}]},{"@type":"WebSite","@id":"https:\/\/www.escal-ouest.com\/en\/#website","url":"https:\/\/www.escal-ouest.com\/en\/","name":"Escal&#039;Ouest","description":"Compagnie maritime Lorient Groix Belle-\u00cele Morbihan","publisher":{"@id":"https:\/\/www.escal-ouest.com\/en\/#organization"},"potentialAction":[{"@type":"SearchAction","target":{"@type":"EntryPoint","urlTemplate":"https:\/\/www.escal-ouest.com\/en\/?s={search_term_string}"},"query-input":{"@type":"PropertyValueSpecification","valueRequired":true,"valueName":"search_term_string"}}],"inLanguage":"en-US"},{"@type":"Organization","@id":"https:\/\/www.escal-ouest.com\/en\/#organization","name":"Escal Ouest Compagnie Maritime","url":"https:\/\/www.escal-ouest.com\/en\/","logo":{"@type":"ImageObject","inLanguage":"en-US","@id":"https:\/\/www.escal-ouest.com\/en\/#\/schema\/logo\/image\/","url":"https:\/\/www.escal-ouest.com\/wp-content\/uploads\/2021\/12\/escal-ouest-logo.png","contentUrl":"https:\/\/www.escal-ouest.com\/wp-content\/uploads\/2021\/12\/escal-ouest-logo.png","width":475,"height":152,"caption":"Escal Ouest Compagnie Maritime"},"image":{"@id":"https:\/\/www.escal-ouest.com\/en\/#\/schema\/logo\/image\/"},"sameAs":["https:\/\/www.facebook.com\/escalouest","https:\/\/www.instagram.com\/escalouest\/?hl=fr"]}]}},"_links":{"self":[{"href":"https:\/\/www.escal-ouest.com\/en\/wp-json\/wp\/v2\/pages\/2041","targetHints":{"allow":["GET"]}}],"collection":[{"href":"https:\/\/www.escal-ouest.com\/en\/wp-json\/wp\/v2\/pages"}],"about":[{"href":"https:\/\/www.escal-ouest.com\/en\/wp-json\/wp\/v2\/types\/page"}],"author":[{"embeddable":true,"href":"https:\/\/www.escal-ouest.com\/en\/wp-json\/wp\/v2\/users\/1"}],"replies":[{"embeddable":true,"href":"https:\/\/www.escal-ouest.com\/en\/wp-json\/wp\/v2\/comments?post=2041"}],"version-history":[{"count":6,"href":"https:\/\/www.escal-ouest.com\/en\/wp-json\/wp\/v2\/pages\/2041\/revisions"}],"predecessor-version":[{"id":2343,"href":"https:\/\/www.escal-ouest.com\/en\/wp-json\/wp\/v2\/pages\/2041\/revisions\/2343"}],"wp:attachment":[{"href":"https:\/\/www.escal-ouest.com\/en\/wp-json\/wp\/v2\/media?parent=2041"}],"curies":[{"name":"wp","href":"https:\/\/api.w.org\/{rel}","templated":true}]}}